{"id":955,"date":"2021-05-11T18:49:11","date_gmt":"2021-05-11T18:49:11","guid":{"rendered":"https:\/\/aracari-energy.com\/?page_id=955"},"modified":"2026-02-05T12:18:13","modified_gmt":"2026-02-05T12:18:13","slug":"imprint","status":"publish","type":"page","link":"https:\/\/aracari-energy.com\/de\/imprint\/","title":{"rendered":"Impressum"},"content":{"rendered":"\t\t<div data-elementor-type=\"wp-page\" data-elementor-id=\"955\" class=\"elementor elementor-955\">\n\t\t\t\t\t\t<section class=\"elementor-section elementor-top-section elementor-element elementor-element-7aaccaf elementor-section-boxed elementor-section-height-default elementor-section-height-default\" data-id=\"7aaccaf\" data-element_type=\"section\" data-e-type=\"section\" data-settings=\"{&quot;background_background&quot;:&quot;classic&quot;}\">\n\t\t\t\t\t\t\t<div class=\"elementor-background-overlay\"><\/div>\n\t\t\t\t\t\t\t<div class=\"elementor-container elementor-column-gap-default\">\n\t\t\t\t\t<div class=\"elementor-column elementor-col-100 elementor-top-column elementor-element elementor-element-44f93088\" data-id=\"44f93088\" data-element_type=\"column\" data-e-type=\"column\">\n\t\t\t<div class=\"elementor-widget-wrap elementor-element-populated\">\n\t\t\t\t\t\t<div class=\"elementor-element elementor-element-11a3f0c1 elementor-widget elementor-widget-heading\" data-id=\"11a3f0c1\" data-element_type=\"widget\" data-e-type=\"widget\" data-widget_type=\"heading.default\">\n\t\t\t\t<div class=\"elementor-widget-container\">\n\t\t\t\t\t<h1 class=\"elementor-heading-title elementor-size-default\">Imprint<\/h1>\t\t\t\t<\/div>\n\t\t\t\t<\/div>\n\t\t\t\t\t<\/div>\n\t\t<\/div>\n\t\t\t\t\t<\/div>\n\t\t<\/section>\n\t\t\t\t<section class=\"elementor-section elementor-top-section elementor-element elementor-element-7e620a0 elementor-section-boxed elementor-section-height-default elementor-section-height-default\" data-id=\"7e620a0\" data-element_type=\"section\" data-e-type=\"section\">\n\t\t\t\t\t\t<div class=\"elementor-container elementor-column-gap-default\">\n\t\t\t\t\t<div class=\"elementor-column elementor-col-50 elementor-top-column elementor-element elementor-element-b450647\" data-id=\"b450647\" data-element_type=\"column\" data-e-type=\"column\">\n\t\t\t<div class=\"elementor-widget-wrap elementor-element-populated\">\n\t\t\t\t\t\t<div class=\"elementor-element elementor-element-f65a7e6 elementor-widget elementor-widget-text-editor\" data-id=\"f65a7e6\" data-element_type=\"widget\" data-e-type=\"widget\" data-widget_type=\"text-editor.default\">\n\t\t\t\t<div class=\"elementor-widget-container\">\n\t\t\t\t\t\t\t\t\t<h2>Legal Information and Contact<\/h2>\n<p><strong>Aracari Solar GmbH<br><\/strong>Berliner Stra\u00dfe 114-116,&nbsp;63065 Offenbach am Main,&nbsp;Germany<\/p>\n<p><strong>Office Address:<\/strong><strong><br><\/strong>Schleusinger Stra\u00dfe 33, 98527 Suhl,&nbsp;Germany<\/p>\n<p><strong>Managing Partners&nbsp;<\/strong><br>Oliver Niedh\u00f6fer<br>Hannes Langenhan<\/p>\n<p>Phone: +49 (0) 3681 42 89 360<br>Email: hello[at]aracari-energy.com<\/p>\n<p>Court of registration: Amtsgericht Offenbach<br>Registration number: HRB 55411<\/p>\n<p><b>Responsible for editorial content<\/b><br>Oliver Niedh\u00f6fer<\/p>\n<p><b>Image source<\/b><br>All images used from https:\/\/unsplash.com and https:\/\/pixabay.com<\/p>\t\t\t\t\t\t\t\t<\/div>\n\t\t\t\t<\/div>\n\t\t\t\t\t<\/div>\n\t\t<\/div>\n\t\t\t\t<div class=\"elementor-column elementor-col-50 elementor-top-column elementor-element elementor-element-32d2fea\" data-id=\"32d2fea\" data-element_type=\"column\" data-e-type=\"column\">\n\t\t\t<div class=\"elementor-widget-wrap elementor-element-populated\">\n\t\t\t\t\t\t<div class=\"elementor-element elementor-element-2fea4f9 elementor-widget elementor-widget-text-editor\" data-id=\"2fea4f9\" data-element_type=\"widget\" data-e-type=\"widget\" data-widget_type=\"text-editor.default\">\n\t\t\t\t<div class=\"elementor-widget-container\">\n\t\t\t\t\t\t\t\t\t<h2>Disclaimer<\/h2><h3>Liability for contents<\/h3><p>As a service provider, according to Art. 7, Para. 1 of the German Telemedia Act (TMG) we are responsible for our own contents on this site under general legislation. According to Arts. 8 to 10 of the TMG, as the service provider we are not, however, obligated to monitor transferred or stored third-party information or to search for circumstances that might suggest illegal activity. Obligations to remove or block the use of information under general legislation remain unaffected by this. However, liability to this effect can only be assumed from such time that we become aware of a specific legal violation. If we become aware of corresponding legal violations, we shall remove these contents without delay.<\/p><h3>Copyright<\/h3><p>The contents and works on this site created by the site operators are subject to German copyright law. Reproduction, editing, dissemination and any kind of utilisation require the written approval of the respective author or creator, unless the same is exceptionally permissible under copyright law without such express approval. Downloads and copies of this site are only permitted for private, non-commercial use. If the contents on this site were not created by the operator, the third parties\u2019 copyrights shall be observed. Third-party contents shall be marked to this effect. Please let us know if you become aware of a copyright violation in spite of this. If we become aware of legal violations, we shall remove such contents immediately.<\/p>\t\t\t\t\t\t\t\t<\/div>\n\t\t\t\t<\/div>\n\t\t\t\t\t<\/div>\n\t\t<\/div>\n\t\t\t\t\t<\/div>\n\t\t<\/section>\n\t\t\t\t<\/div>\n\t\t","protected":false},"excerpt":{"rendered":"<p>Imprint Legal Information and Contact Aracari Solar GmbHBerliner Stra\u00dfe 114-116,&nbsp;63065 Offenbach am Main,&nbsp;Germany Office Address:Schleusinger Stra\u00dfe 33, 98527 Suhl,&nbsp;Germany Managing Partners&nbsp;Oliver Niedh\u00f6ferHannes Langenhan Phone: +49 (0) 3681 42 89 360Email: hello[at]aracari-energy.com Court of registration: Amtsgericht OffenbachRegistration number: HRB 55411 Responsible for editorial contentOliver Niedh\u00f6fer Image sourceAll images used from https:\/\/unsplash.com and https:\/\/pixabay.com Disclaimer Liability for [&hellip;]<\/p>\n","protected":false},"author":1,"featured_media":0,"parent":0,"menu_order":0,"comment_status":"closed","ping_status":"closed","template":"","meta":{"_monsterinsights_skip_tracking":false,"_monsterinsights_sitenote_active":false,"_monsterinsights_sitenote_note":"","_monsterinsights_sitenote_category":0,"ocean_post_layout":"full-screen","ocean_both_sidebars_style":"","ocean_both_sidebars_content_width":0,"ocean_both_sidebars_sidebars_width":0,"ocean_sidebar":"0","ocean_second_sidebar":"0","ocean_disable_margins":"enable","ocean_add_body_class":"","ocean_shortcode_before_top_bar":"","ocean_shortcode_after_top_bar":"","ocean_shortcode_before_header":"","ocean_shortcode_after_header":"","ocean_has_shortcode":"","ocean_shortcode_after_title":"","ocean_shortcode_before_footer_widgets":"","ocean_shortcode_after_footer_widgets":"","ocean_shortcode_before_footer_bottom":"","ocean_shortcode_after_footer_bottom":"","ocean_display_top_bar":"off","ocean_display_header":"default","ocean_header_style":"","ocean_center_header_left_menu":"0","ocean_custom_header_template":"0","ocean_custom_logo":0,"ocean_custom_retina_logo":0,"ocean_custom_logo_max_width":0,"ocean_custom_logo_tablet_max_width":0,"ocean_custom_logo_mobile_max_width":0,"ocean_custom_logo_max_height":0,"ocean_custom_logo_tablet_max_height":0,"ocean_custom_logo_mobile_max_height":0,"ocean_header_custom_menu":"0","ocean_menu_typo_font_family":"0","ocean_menu_typo_font_subset":"","ocean_menu_typo_font_size":0,"ocean_menu_typo_font_size_tablet":0,"ocean_menu_typo_font_size_mobile":0,"ocean_menu_typo_font_size_unit":"px","ocean_menu_typo_font_weight":"","ocean_menu_typo_font_weight_tablet":"","ocean_menu_typo_font_weight_mobile":"","ocean_menu_typo_transform":"","ocean_menu_typo_transform_tablet":"","ocean_menu_typo_transform_mobile":"","ocean_menu_typo_line_height":0,"ocean_menu_typo_line_height_tablet":0,"ocean_menu_typo_line_height_mobile":0,"ocean_menu_typo_line_height_unit":"","ocean_menu_typo_spacing":0,"ocean_menu_typo_spacing_tablet":0,"ocean_menu_typo_spacing_mobile":0,"ocean_menu_typo_spacing_unit":"","ocean_menu_link_color":"","ocean_menu_link_color_hover":"","ocean_menu_link_color_active":"","ocean_menu_link_background":"","ocean_menu_link_hover_background":"","ocean_menu_link_active_background":"","ocean_menu_social_links_bg":"","ocean_menu_social_hover_links_bg":"","ocean_menu_social_links_color":"","ocean_menu_social_hover_links_color":"","ocean_disable_title":"on","ocean_disable_heading":"default","ocean_post_title":"","ocean_post_subheading":"","ocean_post_title_style":"","ocean_post_title_background_color":"","ocean_post_title_background":0,"ocean_post_title_bg_image_position":"","ocean_post_title_bg_image_attachment":"","ocean_post_title_bg_image_repeat":"","ocean_post_title_bg_image_size":"","ocean_post_title_height":0,"ocean_post_title_bg_overlay":0.5,"ocean_post_title_bg_overlay_color":"","ocean_disable_breadcrumbs":"default","ocean_breadcrumbs_color":"","ocean_breadcrumbs_separator_color":"","ocean_breadcrumbs_links_color":"","ocean_breadcrumbs_links_hover_color":"","ocean_display_footer_widgets":"off","ocean_display_footer_bottom":"off","ocean_custom_footer_template":"0","footnotes":""},"class_list":["post-955","page","type-page","status-publish","hentry","entry"],"yoast_head":"<!-- This site is optimized with the Yoast SEO plugin v27.4 - https:\/\/yoast.com\/product\/yoast-seo-wordpress\/ -->\n<title>Imprint | Aracari Energy<\/title>\n<meta name=\"description\" content=\"Imprint Legal Information and Contact Aracari Solar GmbHBerliner Stra\u00dfe 114-116,&nbsp;63065 Offenbach am Main,&nbsp;Germany Office Address:Schleusinger\" \/>\n<meta name=\"robots\" content=\"index, follow, max-snippet:-1, max-image-preview:large, max-video-preview:-1\" \/>\n<link rel=\"canonical\" href=\"https:\/\/aracari-energy.com\/de\/imprint\/\" \/>\n<meta property=\"og:locale\" content=\"de_DE\" \/>\n<meta property=\"og:type\" content=\"article\" \/>\n<meta property=\"og:title\" content=\"Imprint | Aracari Energy\" \/>\n<meta property=\"og:description\" content=\"Imprint Legal Information and Contact Aracari Solar GmbHBerliner Stra\u00dfe 114-116,&nbsp;63065 Offenbach am Main,&nbsp;Germany Office Address:Schleusinger\" \/>\n<meta property=\"og:url\" content=\"https:\/\/aracari-energy.com\/de\/imprint\/\" \/>\n<meta property=\"og:site_name\" content=\"Aracari Energy\" \/>\n<meta property=\"article:publisher\" content=\"https:\/\/www.facebook.com\/Aracari-Energy-110537124633122\" \/>\n<meta property=\"article:modified_time\" content=\"2026-02-05T12:18:13+00:00\" \/>\n<meta property=\"og:image\" content=\"https:\/\/aracari-energy.com\/wp-content\/uploads\/2021\/04\/101879752_xl.jpg\" \/>\n\t<meta property=\"og:image:width\" content=\"1024\" \/>\n\t<meta property=\"og:image:height\" content=\"576\" \/>\n\t<meta property=\"og:image:type\" content=\"image\/jpeg\" \/>\n<meta name=\"twitter:card\" content=\"summary_large_image\" \/>\n<meta name=\"twitter:site\" content=\"@aracari_energy\" \/>\n<meta name=\"twitter:label1\" content=\"Gesch\u00e4tzte Lesezeit\" \/>\n\t<meta name=\"twitter:data1\" content=\"2\u00a0Minuten\" \/>\n<script type=\"application\/ld+json\" class=\"yoast-schema-graph\">{\"@context\":\"https:\\\/\\\/schema.org\",\"@graph\":[{\"@type\":\"WebPage\",\"@id\":\"https:\\\/\\\/aracari-energy.com\\\/en\\\/imprint\\\/\",\"url\":\"https:\\\/\\\/aracari-energy.com\\\/en\\\/imprint\\\/\",\"name\":\"Imprint | Aracari Energy\",\"isPartOf\":{\"@id\":\"https:\\\/\\\/aracari-energy.com\\\/de\\\/#website\"},\"datePublished\":\"2021-05-11T18:49:11+00:00\",\"dateModified\":\"2026-02-05T12:18:13+00:00\",\"description\":\"Imprint Legal Information and Contact Aracari Solar GmbHBerliner Stra\u00dfe 114-116,&nbsp;63065 Offenbach am Main,&nbsp;Germany Office Address:Schleusinger\",\"breadcrumb\":{\"@id\":\"https:\\\/\\\/aracari-energy.com\\\/en\\\/imprint\\\/#breadcrumb\"},\"inLanguage\":\"de\",\"potentialAction\":[{\"@type\":\"ReadAction\",\"target\":[\"https:\\\/\\\/aracari-energy.com\\\/en\\\/imprint\\\/\"]}]},{\"@type\":\"BreadcrumbList\",\"@id\":\"https:\\\/\\\/aracari-energy.com\\\/en\\\/imprint\\\/#breadcrumb\",\"itemListElement\":[{\"@type\":\"ListItem\",\"position\":1,\"name\":\"Home\",\"item\":\"https:\\\/\\\/aracari-energy.com\\\/en\\\/\"},{\"@type\":\"ListItem\",\"position\":2,\"name\":\"Imprint\"}]},{\"@type\":\"WebSite\",\"@id\":\"https:\\\/\\\/aracari-energy.com\\\/de\\\/#website\",\"url\":\"https:\\\/\\\/aracari-energy.com\\\/de\\\/\",\"name\":\"Aracari Energy\",\"description\":\"The future is renewable\",\"publisher\":{\"@id\":\"https:\\\/\\\/aracari-energy.com\\\/de\\\/#organization\"},\"potentialAction\":[{\"@type\":\"SearchAction\",\"target\":{\"@type\":\"EntryPoint\",\"urlTemplate\":\"https:\\\/\\\/aracari-energy.com\\\/de\\\/?s={search_term_string}\"},\"query-input\":{\"@type\":\"PropertyValueSpecification\",\"valueRequired\":true,\"valueName\":\"search_term_string\"}}],\"inLanguage\":\"de\"},{\"@type\":\"Organization\",\"@id\":\"https:\\\/\\\/aracari-energy.com\\\/de\\\/#organization\",\"name\":\"Aracari GmbH\",\"url\":\"https:\\\/\\\/aracari-energy.com\\\/de\\\/\",\"logo\":{\"@type\":\"ImageObject\",\"inLanguage\":\"de\",\"@id\":\"https:\\\/\\\/aracari-energy.com\\\/de\\\/#\\\/schema\\\/logo\\\/image\\\/\",\"url\":\"https:\\\/\\\/aracari-energy.com\\\/wp-content\\\/uploads\\\/2021\\\/03\\\/aracari_energy_logo_black.png\",\"contentUrl\":\"https:\\\/\\\/aracari-energy.com\\\/wp-content\\\/uploads\\\/2021\\\/03\\\/aracari_energy_logo_black.png\",\"width\":4999,\"height\":2587,\"caption\":\"Aracari GmbH\"},\"image\":{\"@id\":\"https:\\\/\\\/aracari-energy.com\\\/de\\\/#\\\/schema\\\/logo\\\/image\\\/\"},\"sameAs\":[\"https:\\\/\\\/www.facebook.com\\\/Aracari-Energy-110537124633122\",\"https:\\\/\\\/x.com\\\/aracari_energy\",\"https:\\\/\\\/www.linkedin.com\\\/company\\\/74545877\\\/admin\\\/\"]}]}<\/script>\n<!-- \/ Yoast SEO plugin. -->","yoast_head_json":{"title":"Imprint | Aracari Energy","description":"Imprint Legal Information and Contact Aracari Solar GmbHBerliner Stra\u00dfe 114-116,&nbsp;63065 Offenbach am Main,&nbsp;Germany Office Address:Schleusinger","robots":{"index":"index","follow":"follow","max-snippet":"max-snippet:-1","max-image-preview":"max-image-preview:large","max-video-preview":"max-video-preview:-1"},"canonical":"https:\/\/aracari-energy.com\/de\/imprint\/","og_locale":"de_DE","og_type":"article","og_title":"Imprint | Aracari Energy","og_description":"Imprint Legal Information and Contact Aracari Solar GmbHBerliner Stra\u00dfe 114-116,&nbsp;63065 Offenbach am Main,&nbsp;Germany Office Address:Schleusinger","og_url":"https:\/\/aracari-energy.com\/de\/imprint\/","og_site_name":"Aracari Energy","article_publisher":"https:\/\/www.facebook.com\/Aracari-Energy-110537124633122","article_modified_time":"2026-02-05T12:18:13+00:00","og_image":[{"width":1024,"height":576,"url":"https:\/\/aracari-energy.com\/wp-content\/uploads\/2021\/04\/101879752_xl.jpg","type":"image\/jpeg"}],"twitter_card":"summary_large_image","twitter_site":"@aracari_energy","twitter_misc":{"Gesch\u00e4tzte Lesezeit":"2\u00a0Minuten"},"schema":{"@context":"https:\/\/schema.org","@graph":[{"@type":"WebPage","@id":"https:\/\/aracari-energy.com\/en\/imprint\/","url":"https:\/\/aracari-energy.com\/en\/imprint\/","name":"Imprint | Aracari Energy","isPartOf":{"@id":"https:\/\/aracari-energy.com\/de\/#website"},"datePublished":"2021-05-11T18:49:11+00:00","dateModified":"2026-02-05T12:18:13+00:00","description":"Imprint Legal Information and Contact Aracari Solar GmbHBerliner Stra\u00dfe 114-116,&nbsp;63065 Offenbach am Main,&nbsp;Germany Office Address:Schleusinger","breadcrumb":{"@id":"https:\/\/aracari-energy.com\/en\/imprint\/#breadcrumb"},"inLanguage":"de","potentialAction":[{"@type":"ReadAction","target":["https:\/\/aracari-energy.com\/en\/imprint\/"]}]},{"@type":"BreadcrumbList","@id":"https:\/\/aracari-energy.com\/en\/imprint\/#breadcrumb","itemListElement":[{"@type":"ListItem","position":1,"name":"Home","item":"https:\/\/aracari-energy.com\/en\/"},{"@type":"ListItem","position":2,"name":"Imprint"}]},{"@type":"WebSite","@id":"https:\/\/aracari-energy.com\/de\/#website","url":"https:\/\/aracari-energy.com\/de\/","name":"Aracari Energy","description":"Die Zukunft ist erneuerbar","publisher":{"@id":"https:\/\/aracari-energy.com\/de\/#organization"},"potentialAction":[{"@type":"SearchAction","target":{"@type":"EntryPoint","urlTemplate":"https:\/\/aracari-energy.com\/de\/?s={search_term_string}"},"query-input":{"@type":"PropertyValueSpecification","valueRequired":true,"valueName":"search_term_string"}}],"inLanguage":"de"},{"@type":"Organization","@id":"https:\/\/aracari-energy.com\/de\/#organization","name":"Aracari GmbH","url":"https:\/\/aracari-energy.com\/de\/","logo":{"@type":"ImageObject","inLanguage":"de","@id":"https:\/\/aracari-energy.com\/de\/#\/schema\/logo\/image\/","url":"https:\/\/aracari-energy.com\/wp-content\/uploads\/2021\/03\/aracari_energy_logo_black.png","contentUrl":"https:\/\/aracari-energy.com\/wp-content\/uploads\/2021\/03\/aracari_energy_logo_black.png","width":4999,"height":2587,"caption":"Aracari GmbH"},"image":{"@id":"https:\/\/aracari-energy.com\/de\/#\/schema\/logo\/image\/"},"sameAs":["https:\/\/www.facebook.com\/Aracari-Energy-110537124633122","https:\/\/x.com\/aracari_energy","https:\/\/www.linkedin.com\/company\/74545877\/admin\/"]}]}},"_links":{"self":[{"href":"https:\/\/aracari-energy.com\/de\/wp-json\/wp\/v2\/pages\/955","targetHints":{"allow":["GET"]}}],"collection":[{"href":"https:\/\/aracari-energy.com\/de\/wp-json\/wp\/v2\/pages"}],"about":[{"href":"https:\/\/aracari-energy.com\/de\/wp-json\/wp\/v2\/types\/page"}],"author":[{"embeddable":true,"href":"https:\/\/aracari-energy.com\/de\/wp-json\/wp\/v2\/users\/1"}],"replies":[{"embeddable":true,"href":"https:\/\/aracari-energy.com\/de\/wp-json\/wp\/v2\/comments?post=955"}],"version-history":[{"count":90,"href":"https:\/\/aracari-energy.com\/de\/wp-json\/wp\/v2\/pages\/955\/revisions"}],"predecessor-version":[{"id":5562,"href":"https:\/\/aracari-energy.com\/de\/wp-json\/wp\/v2\/pages\/955\/revisions\/5562"}],"wp:attachment":[{"href":"https:\/\/aracari-energy.com\/de\/wp-json\/wp\/v2\/media?parent=955"}],"curies":[{"name":"wp","href":"https:\/\/api.w.org\/{rel}","templated":true}]}}